{"id":105524,"date":"2022-09-02T10:30:09","date_gmt":"2022-09-02T10:30:09","guid":{"rendered":"https:\/\/safecity.ee\/vacancy\/pipefitters\/"},"modified":"2026-03-28T02:15:21","modified_gmt":"2026-03-28T00:15:21","slug":"pipefitters","status":"publish","type":"product","link":"https:\/\/safecity.ee\/et\/toode\/pipefitters\/","title":{"rendered":"Torulukkssepad"},"content":{"rendered":"<p>Otsime kvalifitseeritud torulukkseppasid meie t\u00f6\u00f6stus-, mere- ja ehitusprojektide toetamiseks. Teie \u00fclesandeks on torustikus\u00fcsteemide koostamine, paigaldamine ja hooldamine vastavalt tehnilistele joonistele ja projekti n\u00f5uetele. Edukas kandidaat omab tugevaid tehnilisi teadmisi, praktilist kogemust ning p\u00fchendumust ohutusele ja t\u00e4psusele.<\/p>\n","protected":false},"excerpt":{"rendered":"<p>Otsime kvalifitseeritud torulukkseppasid meie t\u00f6\u00f6stus-, mere- ja ehitusprojektide toetamiseks. Teie \u00fclesandeks on torustikus\u00fcsteemide koostamine, paigaldamine ja hooldamine vastavalt tehnilistele joonistele ja projekti n\u00f5uetele. Edukas kandidaat omab tugevaid tehnilisi teadmisi, praktilist kogemust ning p\u00fchendumust ohutusele ja t\u00e4psusele.<\/p>\n","protected":false},"featured_media":104583,"template":"","meta":{"_acf_changed":false,"inline_featured_image":false},"product_brand":[],"product_cat":[306],"product_tag":[307],"class_list":{"0":"post-105524","1":"product","2":"type-product","3":"status-publish","4":"has-post-thumbnail","6":"product_cat-torulukksepad","7":"product_tag-eesti","9":"first","10":"instock","11":"shipping-taxable","12":"purchasable","13":"product-type-simple"},"acf":[],"_links":{"self":[{"href":"https:\/\/safecity.ee\/et\/wp-json\/wp\/v2\/product\/105524","targetHints":{"allow":["GET"]}}],"collection":[{"href":"https:\/\/safecity.ee\/et\/wp-json\/wp\/v2\/product"}],"about":[{"href":"https:\/\/safecity.ee\/et\/wp-json\/wp\/v2\/types\/product"}],"wp:featuredmedia":[{"embeddable":true,"href":"https:\/\/safecity.ee\/et\/wp-json\/wp\/v2\/media\/104583"}],"wp:attachment":[{"href":"https:\/\/safecity.ee\/et\/wp-json\/wp\/v2\/media?parent=105524"}],"wp:term":[{"taxonomy":"product_brand","embeddable":true,"href":"https:\/\/safecity.ee\/et\/wp-json\/wp\/v2\/product_brand?post=105524"},{"taxonomy":"product_cat","embeddable":true,"href":"https:\/\/safecity.ee\/et\/wp-json\/wp\/v2\/product_cat?post=105524"},{"taxonomy":"product_tag","embeddable":true,"href":"https:\/\/safecity.ee\/et\/wp-json\/wp\/v2\/product_tag?post=105524"}],"curies":[{"name":"wp","href":"https:\/\/api.w.org\/{rel}","templated":true}]}}