{"id":105523,"date":"2023-09-03T15:02:13","date_gmt":"2023-09-03T15:02:13","guid":{"rendered":"https:\/\/safecity.ee\/vacancy\/insulation-workers\/"},"modified":"2026-03-28T02:24:06","modified_gmt":"2026-03-28T00:24:06","slug":"insulation-workers","status":"publish","type":"product","link":"https:\/\/safecity.ee\/et\/toode\/insulation-workers\/","title":{"rendered":"Isolatsioonit\u00f6\u00f6lised"},"content":{"rendered":"<p>Otsime kogenud isolatsioonit\u00f6\u00f6lisi meie t\u00f6\u00f6stus-, mere- ja ehitusprojektidega liitumiseks. Teie \u00fclesandeks on isolatsioonis\u00fcsteemide paigaldamine ja parandamine torudel, kanalitel, seintel ja seadmetel, et tagada soojus-, heli- ja tulekaitse. Edukas kandidaat on detailidele orienteeritud, praktiline ja p\u00fchendunud kvaliteetsele t\u00f6\u00f6le.<\/p>\n","protected":false},"excerpt":{"rendered":"<p>Otsime kogenud isolatsioonit\u00f6\u00f6lisi meie t\u00f6\u00f6stus-, mere- ja ehitusprojektidega liitumiseks. Teie \u00fclesandeks on isolatsioonis\u00fcsteemide paigaldamine ja parandamine torudel, kanalitel, seintel ja seadmetel, et tagada soojus-, heli- ja tulekaitse. Edukas kandidaat on detailidele orienteeritud, praktiline ja p\u00fchendunud kvaliteetsele t\u00f6\u00f6le.<\/p>\n","protected":false},"featured_media":104586,"template":"","meta":{"_acf_changed":false,"inline_featured_image":false},"product_brand":[],"product_cat":[312],"product_tag":[313],"class_list":{"0":"post-105523","1":"product","2":"type-product","3":"status-publish","4":"has-post-thumbnail","6":"product_cat-isolatsioonitoolised","7":"product_tag-belgia","9":"first","10":"instock","11":"shipping-taxable","12":"purchasable","13":"product-type-simple"},"acf":[],"_links":{"self":[{"href":"https:\/\/safecity.ee\/et\/wp-json\/wp\/v2\/product\/105523","targetHints":{"allow":["GET"]}}],"collection":[{"href":"https:\/\/safecity.ee\/et\/wp-json\/wp\/v2\/product"}],"about":[{"href":"https:\/\/safecity.ee\/et\/wp-json\/wp\/v2\/types\/product"}],"wp:featuredmedia":[{"embeddable":true,"href":"https:\/\/safecity.ee\/et\/wp-json\/wp\/v2\/media\/104586"}],"wp:attachment":[{"href":"https:\/\/safecity.ee\/et\/wp-json\/wp\/v2\/media?parent=105523"}],"wp:term":[{"taxonomy":"product_brand","embeddable":true,"href":"https:\/\/safecity.ee\/et\/wp-json\/wp\/v2\/product_brand?post=105523"},{"taxonomy":"product_cat","embeddable":true,"href":"https:\/\/safecity.ee\/et\/wp-json\/wp\/v2\/product_cat?post=105523"},{"taxonomy":"product_tag","embeddable":true,"href":"https:\/\/safecity.ee\/et\/wp-json\/wp\/v2\/product_tag?post=105523"}],"curies":[{"name":"wp","href":"https:\/\/api.w.org\/{rel}","templated":true}]}}