{"id":105522,"date":"2024-01-07T17:29:29","date_gmt":"2024-01-07T17:29:29","guid":{"rendered":"https:\/\/safecity.ee\/vacancy\/general-laborer\/"},"modified":"2026-03-28T03:46:36","modified_gmt":"2026-03-28T01:46:36","slug":"general-laborer","status":"publish","type":"product","link":"https:\/\/safecity.ee\/et\/toode\/general-laborer\/","title":{"rendered":"Abit\u00f6\u00f6line"},"content":{"rendered":"<p>Otsime t\u00f6\u00f6kaid ja usaldusv\u00e4\u00e4rseid abit\u00f6\u00f6lisi meie meeskonnaga liitumiseks ehitus-, t\u00f6\u00f6stus- ja hooldusprojektides. Teie \u00fclesandeks on abistamine mitmesugustes f\u00fc\u00fcsilistes ja objekti tugitegevustes, aidates tagada igap\u00e4evase t\u00f6\u00f6 sujuvust. Edukas kandidaat on motiveeritud, paindlik ja valmis t\u00f6\u00f6tama kiires tempos keskkonnas.<\/p>\n","protected":false},"excerpt":{"rendered":"<p>Otsime t\u00f6\u00f6kaid ja usaldusv\u00e4\u00e4rseid abit\u00f6\u00f6lisi meie meeskonnaga liitumiseks ehitus-, t\u00f6\u00f6stus- ja hooldusprojektides. Teie \u00fclesandeks on abistamine mitmesugustes f\u00fc\u00fcsilistes ja objekti tugitegevustes, aidates tagada igap\u00e4evase t\u00f6\u00f6 sujuvust. Edukas kandidaat on motiveeritud, paindlik ja valmis t\u00f6\u00f6tama kiires tempos keskkonnas.<\/p>\n","protected":false},"featured_media":104585,"template":"","meta":{"_acf_changed":false,"inline_featured_image":false},"product_brand":[],"product_cat":[316],"product_tag":[307],"class_list":{"0":"post-105522","1":"product","2":"type-product","3":"status-publish","4":"has-post-thumbnail","6":"product_cat-lihttoolised","7":"product_tag-eesti","9":"first","10":"instock","11":"shipping-taxable","12":"purchasable","13":"product-type-simple"},"acf":[],"_links":{"self":[{"href":"https:\/\/safecity.ee\/et\/wp-json\/wp\/v2\/product\/105522","targetHints":{"allow":["GET"]}}],"collection":[{"href":"https:\/\/safecity.ee\/et\/wp-json\/wp\/v2\/product"}],"about":[{"href":"https:\/\/safecity.ee\/et\/wp-json\/wp\/v2\/types\/product"}],"wp:featuredmedia":[{"embeddable":true,"href":"https:\/\/safecity.ee\/et\/wp-json\/wp\/v2\/media\/104585"}],"wp:attachment":[{"href":"https:\/\/safecity.ee\/et\/wp-json\/wp\/v2\/media?parent=105522"}],"wp:term":[{"taxonomy":"product_brand","embeddable":true,"href":"https:\/\/safecity.ee\/et\/wp-json\/wp\/v2\/product_brand?post=105522"},{"taxonomy":"product_cat","embeddable":true,"href":"https:\/\/safecity.ee\/et\/wp-json\/wp\/v2\/product_cat?post=105522"},{"taxonomy":"product_tag","embeddable":true,"href":"https:\/\/safecity.ee\/et\/wp-json\/wp\/v2\/product_tag?post=105522"}],"curies":[{"name":"wp","href":"https:\/\/api.w.org\/{rel}","templated":true}]}}