{"id":105521,"date":"2026-03-14T05:04:13","date_gmt":"2026-03-14T05:04:13","guid":{"rendered":"https:\/\/safecity.ee\/vacancy\/excavator-operator\/"},"modified":"2026-03-28T02:40:38","modified_gmt":"2026-03-28T00:40:38","slug":"excavator-operator","status":"publish","type":"product","link":"https:\/\/safecity.ee\/et\/toode\/excavator-operator\/","title":{"rendered":"Ekskavaatorioperaator"},"content":{"rendered":"<p>Otsime kogenud ja vastutustundlikku ekskavaatorioperaatorit meie ehitus- ja maaehitusprojektide toetamiseks. Teie \u00fclesandeks on kaevemasinate ohutu ja t\u00f5hus juhtimine, panustades objekti ettevalmistusse, kraavide kaevamisse, laadimisse ja muudesse maaehitust\u00f6\u00f6desse. Edukas kandidaat on t\u00e4pne, ohutusele orienteeritud ja suuteline t\u00f6\u00f6tama d\u00fcnaamilistes objektitingimustes.<\/p>\n","protected":false},"excerpt":{"rendered":"<p>Otsime kogenud ja vastutustundlikku ekskavaatorioperaatorit meie ehitus- ja maaehitusprojektide toetamiseks. Teie \u00fclesandeks on kaevemasinate ohutu ja t\u00f5hus juhtimine, panustades objekti ettevalmistusse, kraavide kaevamisse, laadimisse ja muudesse maaehitust\u00f6\u00f6desse. Edukas kandidaat on t\u00e4pne, ohutusele orienteeritud ja suuteline t\u00f6\u00f6tama d\u00fcnaamilistes objektitingimustes.<\/p>\n","protected":false},"featured_media":104584,"template":"","meta":{"_acf_changed":false,"inline_featured_image":false},"product_brand":[],"product_cat":[321],"product_tag":[322],"class_list":{"0":"post-105521","1":"product","2":"type-product","3":"status-publish","4":"has-post-thumbnail","6":"product_cat-ekskavaatorijuhid","7":"product_tag-prantsusmaa","9":"first","10":"instock","11":"shipping-taxable","12":"purchasable","13":"product-type-simple"},"acf":[],"_links":{"self":[{"href":"https:\/\/safecity.ee\/et\/wp-json\/wp\/v2\/product\/105521","targetHints":{"allow":["GET"]}}],"collection":[{"href":"https:\/\/safecity.ee\/et\/wp-json\/wp\/v2\/product"}],"about":[{"href":"https:\/\/safecity.ee\/et\/wp-json\/wp\/v2\/types\/product"}],"wp:featuredmedia":[{"embeddable":true,"href":"https:\/\/safecity.ee\/et\/wp-json\/wp\/v2\/media\/104584"}],"wp:attachment":[{"href":"https:\/\/safecity.ee\/et\/wp-json\/wp\/v2\/media?parent=105521"}],"wp:term":[{"taxonomy":"product_brand","embeddable":true,"href":"https:\/\/safecity.ee\/et\/wp-json\/wp\/v2\/product_brand?post=105521"},{"taxonomy":"product_cat","embeddable":true,"href":"https:\/\/safecity.ee\/et\/wp-json\/wp\/v2\/product_cat?post=105521"},{"taxonomy":"product_tag","embeddable":true,"href":"https:\/\/safecity.ee\/et\/wp-json\/wp\/v2\/product_tag?post=105521"}],"curies":[{"name":"wp","href":"https:\/\/api.w.org\/{rel}","templated":true}]}}