{"id":105520,"date":"2026-03-14T05:04:40","date_gmt":"2026-03-14T05:04:40","guid":{"rendered":"https:\/\/safecity.ee\/vacancy\/electricians\/"},"modified":"2026-03-28T02:38:48","modified_gmt":"2026-03-28T00:38:48","slug":"electricians","status":"publish","type":"product","link":"https:\/\/safecity.ee\/et\/toode\/electricians\/","title":{"rendered":"Elektrikud"},"content":{"rendered":"<p>Otsime oskuslikke ja usaldusv\u00e4\u00e4rseid elektrikuid meie meeskonnaga liitumiseks t\u00f6\u00f6stus-, \u00e4ri- ja taristuprojektides. Teie \u00fclesandeks on elektris\u00fcsteemide ja -seadmete paigaldamine, hooldamine ja parandamine, tagades k\u00f5igi t\u00f6\u00f6de ohutu, t\u00f5husa ja tehnilistele standarditele vastava teostamise. Edukas kandidaat on tugeva t\u00f6\u00f6eetikaga, tehniliselt p\u00e4dev ja p\u00fchendunud kvaliteedile.<\/p>\n","protected":false},"excerpt":{"rendered":"<p>Otsime oskuslikke ja usaldusv\u00e4\u00e4rseid elektrikuid meie meeskonnaga liitumiseks t\u00f6\u00f6stus-, \u00e4ri- ja taristuprojektides. Teie \u00fclesandeks on elektris\u00fcsteemide ja -seadmete paigaldamine, hooldamine ja parandamine, tagades k\u00f5igi t\u00f6\u00f6de ohutu, t\u00f5husa ja tehnilistele standarditele vastava teostamise. Edukas kandidaat on tugeva t\u00f6\u00f6eetikaga, tehniliselt p\u00e4dev ja p\u00fchendunud kvaliteedile.<\/p>\n","protected":false},"featured_media":104587,"template":"","meta":{"_acf_changed":false,"inline_featured_image":false},"product_brand":[],"product_cat":[325],"product_tag":[307],"class_list":{"0":"post-105520","1":"product","2":"type-product","3":"status-publish","4":"has-post-thumbnail","6":"product_cat-elektrikud","7":"product_tag-eesti","9":"first","10":"instock","11":"shipping-taxable","12":"purchasable","13":"product-type-simple"},"acf":[],"_links":{"self":[{"href":"https:\/\/safecity.ee\/et\/wp-json\/wp\/v2\/product\/105520","targetHints":{"allow":["GET"]}}],"collection":[{"href":"https:\/\/safecity.ee\/et\/wp-json\/wp\/v2\/product"}],"about":[{"href":"https:\/\/safecity.ee\/et\/wp-json\/wp\/v2\/types\/product"}],"wp:featuredmedia":[{"embeddable":true,"href":"https:\/\/safecity.ee\/et\/wp-json\/wp\/v2\/media\/104587"}],"wp:attachment":[{"href":"https:\/\/safecity.ee\/et\/wp-json\/wp\/v2\/media?parent=105520"}],"wp:term":[{"taxonomy":"product_brand","embeddable":true,"href":"https:\/\/safecity.ee\/et\/wp-json\/wp\/v2\/product_brand?post=105520"},{"taxonomy":"product_cat","embeddable":true,"href":"https:\/\/safecity.ee\/et\/wp-json\/wp\/v2\/product_cat?post=105520"},{"taxonomy":"product_tag","embeddable":true,"href":"https:\/\/safecity.ee\/et\/wp-json\/wp\/v2\/product_tag?post=105520"}],"curies":[{"name":"wp","href":"https:\/\/api.w.org\/{rel}","templated":true}]}}