{"id":105519,"date":"2026-03-19T09:26:38","date_gmt":"2026-03-19T07:26:38","guid":{"rendered":"https:\/\/safecity.ee\/vacancy\/ship-repair-workers\/"},"modified":"2026-03-28T02:36:22","modified_gmt":"2026-03-28T00:36:22","slug":"ship-repair-workers","status":"publish","type":"product","link":"https:\/\/safecity.ee\/et\/toode\/ship-repair-workers\/","title":{"rendered":"Laevaremondit\u00f6\u00f6lised"},"content":{"rendered":"<p>Otsime kogenud laevaremondit\u00f6\u00f6lisi meie mere- ja laevaehitusprojektidega liitumiseks. Teie \u00fclesandeks on osalemine laevade ja merekonstruktsioonide hooldus-, remondi-, renoveerimis- ja paigaldust\u00f6\u00f6des. Edukas kandidaat on tehniliselt v\u00f5imekas, kohanemisv\u00f5imeline ja valmis t\u00f6\u00f6tama n\u00f5udlikus laevatehase keskkonnas.<\/p>\n","protected":false},"excerpt":{"rendered":"<p>Otsime kogenud laevaremondit\u00f6\u00f6lisi meie mere- ja laevaehitusprojektidega liitumiseks. Teie \u00fclesandeks on osalemine laevade ja merekonstruktsioonide hooldus-, remondi-, renoveerimis- ja paigaldust\u00f6\u00f6des. Edukas kandidaat on tehniliselt v\u00f5imekas, kohanemisv\u00f5imeline ja valmis t\u00f6\u00f6tama n\u00f5udlikus laevatehase keskkonnas.<\/p>\n","protected":false},"featured_media":104590,"template":"","meta":{"_acf_changed":false,"inline_featured_image":false},"product_brand":[],"product_cat":[330],"product_tag":[331],"class_list":{"0":"post-105519","1":"product","2":"type-product","3":"status-publish","4":"has-post-thumbnail","6":"product_cat-laevaremonditoolised","7":"product_tag-soome","9":"first","10":"instock","11":"shipping-taxable","12":"purchasable","13":"product-type-simple"},"acf":[],"_links":{"self":[{"href":"https:\/\/safecity.ee\/et\/wp-json\/wp\/v2\/product\/105519","targetHints":{"allow":["GET"]}}],"collection":[{"href":"https:\/\/safecity.ee\/et\/wp-json\/wp\/v2\/product"}],"about":[{"href":"https:\/\/safecity.ee\/et\/wp-json\/wp\/v2\/types\/product"}],"wp:featuredmedia":[{"embeddable":true,"href":"https:\/\/safecity.ee\/et\/wp-json\/wp\/v2\/media\/104590"}],"wp:attachment":[{"href":"https:\/\/safecity.ee\/et\/wp-json\/wp\/v2\/media?parent=105519"}],"wp:term":[{"taxonomy":"product_brand","embeddable":true,"href":"https:\/\/safecity.ee\/et\/wp-json\/wp\/v2\/product_brand?post=105519"},{"taxonomy":"product_cat","embeddable":true,"href":"https:\/\/safecity.ee\/et\/wp-json\/wp\/v2\/product_cat?post=105519"},{"taxonomy":"product_tag","embeddable":true,"href":"https:\/\/safecity.ee\/et\/wp-json\/wp\/v2\/product_tag?post=105519"}],"curies":[{"name":"wp","href":"https:\/\/api.w.org\/{rel}","templated":true}]}}