{"id":105518,"date":"2026-03-19T09:27:12","date_gmt":"2026-03-19T07:27:12","guid":{"rendered":"https:\/\/safecity.ee\/vacancy\/solar-panel-installer\/"},"modified":"2026-03-28T02:27:23","modified_gmt":"2026-03-28T00:27:23","slug":"solar-panel-installer","status":"publish","type":"product","link":"https:\/\/safecity.ee\/et\/toode\/solar-panel-installer\/","title":{"rendered":"P\u00e4ikesepaneelide paigaldaja"},"content":{"rendered":"<p>Otsime motiveeritud ja oskuslikke p\u00e4ikesepaneelide paigaldajaid meie taastuvenergia projektidega liitumiseks. Teie \u00fclesandeks on p\u00e4ikesepaneelis\u00fcsteemide paigaldamine elu-, \u00e4ri- v\u00f5i t\u00f6\u00f6stushoonetele, tagades komponentide ohutu ja t\u00f5husa koostamise ning \u00fchendamise. Edukas kandidaat on praktilise meelelaadiga, ohutusele orienteeritud ja huvitatud j\u00e4tkusuutlikest energialahendustest.<\/p>\n","protected":false},"excerpt":{"rendered":"<p>Otsime motiveeritud ja oskuslikke p\u00e4ikesepaneelide paigaldajaid meie taastuvenergia projektidega liitumiseks. Teie \u00fclesandeks on p\u00e4ikesepaneelis\u00fcsteemide paigaldamine elu-, \u00e4ri- v\u00f5i t\u00f6\u00f6stushoonetele, tagades komponentide ohutu ja t\u00f5husa koostamise ning \u00fchendamise. Edukas kandidaat on praktilise meelelaadiga, ohutusele orienteeritud ja huvitatud j\u00e4tkusuutlikest energialahendustest.<\/p>\n","protected":false},"featured_media":104589,"template":"","meta":{"_acf_changed":false,"inline_featured_image":false},"product_brand":[],"product_cat":[334],"product_tag":[307],"class_list":{"0":"post-105518","1":"product","2":"type-product","3":"status-publish","4":"has-post-thumbnail","6":"product_cat-paikesepaneelide-paigaldajad","7":"product_tag-eesti","9":"first","10":"instock","11":"shipping-taxable","12":"purchasable","13":"product-type-simple"},"acf":[],"_links":{"self":[{"href":"https:\/\/safecity.ee\/et\/wp-json\/wp\/v2\/product\/105518","targetHints":{"allow":["GET"]}}],"collection":[{"href":"https:\/\/safecity.ee\/et\/wp-json\/wp\/v2\/product"}],"about":[{"href":"https:\/\/safecity.ee\/et\/wp-json\/wp\/v2\/types\/product"}],"wp:featuredmedia":[{"embeddable":true,"href":"https:\/\/safecity.ee\/et\/wp-json\/wp\/v2\/media\/104589"}],"wp:attachment":[{"href":"https:\/\/safecity.ee\/et\/wp-json\/wp\/v2\/media?parent=105518"}],"wp:term":[{"taxonomy":"product_brand","embeddable":true,"href":"https:\/\/safecity.ee\/et\/wp-json\/wp\/v2\/product_brand?post=105518"},{"taxonomy":"product_cat","embeddable":true,"href":"https:\/\/safecity.ee\/et\/wp-json\/wp\/v2\/product_cat?post=105518"},{"taxonomy":"product_tag","embeddable":true,"href":"https:\/\/safecity.ee\/et\/wp-json\/wp\/v2\/product_tag?post=105518"}],"curies":[{"name":"wp","href":"https:\/\/api.w.org\/{rel}","templated":true}]}}