{"id":105517,"date":"2026-03-19T09:27:44","date_gmt":"2026-03-19T07:27:44","guid":{"rendered":"https:\/\/safecity.ee\/vacancy\/welders\/"},"modified":"2026-03-27T16:37:36","modified_gmt":"2026-03-27T14:37:36","slug":"welders","status":"publish","type":"product","link":"https:\/\/safecity.ee\/et\/toode\/welders\/","title":{"rendered":"Keevitajad"},"content":{"rendered":"<p>Otsime kogenud keevitajaid, kes liituksid meie t\u00f6\u00f6stus-, ehitus- ja merendusprojektidega. Teostate kvaliteetseid keevitust\u00f6id teraskonstruktsioonidel, torustikel v\u00f5i konstruktsioonikomponentidel vastavalt tehnilistele joonistele ja projekti standarditele. Edukas kandidaat on t\u00e4pne, usaldusv\u00e4\u00e4rne ning p\u00fchendunud ohutule ja t\u00f5husale tootmist\u00f6\u00f6le.<\/p>\n","protected":false},"excerpt":{"rendered":"<p>Otsime kogenud keevitajaid, kes liituksid meie t\u00f6\u00f6stus-, ehitus- ja merendusprojektidega. Teostate kvaliteetseid keevitust\u00f6id teraskonstruktsioonidel, torustikel v\u00f5i konstruktsioonikomponentidel vastavalt tehnilistele joonistele ja projekti standarditele. Edukas kandidaat on t\u00e4pne, usaldusv\u00e4\u00e4rne ning p\u00fchendunud ohutule ja t\u00f5husale tootmist\u00f6\u00f6le.<\/p>\n","protected":false},"featured_media":104588,"template":"","meta":{"_acf_changed":false,"inline_featured_image":false},"product_brand":[],"product_cat":[337],"product_tag":[307],"class_list":{"0":"post-105517","1":"product","2":"type-product","3":"status-publish","4":"has-post-thumbnail","6":"product_cat-keevitajad","7":"product_tag-eesti","9":"first","10":"instock","11":"shipping-taxable","12":"purchasable","13":"product-type-simple"},"acf":[],"_links":{"self":[{"href":"https:\/\/safecity.ee\/et\/wp-json\/wp\/v2\/product\/105517","targetHints":{"allow":["GET"]}}],"collection":[{"href":"https:\/\/safecity.ee\/et\/wp-json\/wp\/v2\/product"}],"about":[{"href":"https:\/\/safecity.ee\/et\/wp-json\/wp\/v2\/types\/product"}],"wp:featuredmedia":[{"embeddable":true,"href":"https:\/\/safecity.ee\/et\/wp-json\/wp\/v2\/media\/104588"}],"wp:attachment":[{"href":"https:\/\/safecity.ee\/et\/wp-json\/wp\/v2\/media?parent=105517"}],"wp:term":[{"taxonomy":"product_brand","embeddable":true,"href":"https:\/\/safecity.ee\/et\/wp-json\/wp\/v2\/product_brand?post=105517"},{"taxonomy":"product_cat","embeddable":true,"href":"https:\/\/safecity.ee\/et\/wp-json\/wp\/v2\/product_cat?post=105517"},{"taxonomy":"product_tag","embeddable":true,"href":"https:\/\/safecity.ee\/et\/wp-json\/wp\/v2\/product_tag?post=105517"}],"curies":[{"name":"wp","href":"https:\/\/api.w.org\/{rel}","templated":true}]}}