{"id":105335,"date":"2026-03-27T15:24:26","date_gmt":"2026-03-27T13:24:26","guid":{"rendered":"https:\/\/safecity.ee\/privaatsuspoliitika\/"},"modified":"2026-03-28T09:17:56","modified_gmt":"2026-03-28T07:17:56","slug":"privaatsuspoliitika","status":"publish","type":"page","link":"https:\/\/safecity.ee\/et\/privaatsuspoliitika\/","title":{"rendered":"Privaatsuspoliitika"},"content":{"rendered":"\t\t<div data-elementor-type=\"wp-page\" data-elementor-id=\"105335\" class=\"elementor elementor-105335 elementor-104292\" data-elementor-post-type=\"page\">\n\t\t\t\t\t\t<section class=\"elementor-section elementor-top-section elementor-element elementor-element-12031ae elementor-section-boxed elementor-section-height-default elementor-section-height-default\" data-id=\"12031ae\" data-element_type=\"section\" data-e-type=\"section\">\n\t\t\t\t\t\t<div class=\"elementor-container elementor-column-gap-no\">\n\t\t\t\t\t<div class=\"elementor-column elementor-col-100 elementor-top-column elementor-element elementor-element-29cc5ac\" data-id=\"29cc5ac\" data-element_type=\"column\" data-e-type=\"column\">\n\t\t\t<div class=\"elementor-widget-wrap elementor-element-populated\">\n\t\t\t\t\t\t<div data-dce-title-color=\"#00C9DA\" class=\"elementor-element elementor-element-99431b1 elementor-widget elementor-widget-heading\" data-id=\"99431b1\" data-element_type=\"widget\" data-e-type=\"widget\" data-widget_type=\"heading.default\">\n\t\t\t\t<div class=\"elementor-widget-container\">\n\t\t\t\t\t<h1 class=\"elementor-heading-title elementor-size-default\">Privaatsuspoliitika<\/h1>\t\t\t\t<\/div>\n\t\t\t\t<\/div>\n\t\t\t\t<div class=\"elementor-element elementor-element-acec23a elementor-widget__width-initial elementor-widget elementor-widget-text-editor\" data-id=\"acec23a\" data-element_type=\"widget\" data-e-type=\"widget\" data-widget_type=\"text-editor.default\">\n\t\t\t\t<div class=\"elementor-widget-container\">\n\t\t\t\t\t\t\t\t\t<p><strong>Viimane uuendus:<\/strong> 18.01.2026<\/p>\n<p>Tere tulemast veebilehele www.safecity.ee (edaspidi \u201cVeebileht\u201d). Meie privaatsuspoliitika kirjeldab, kuidas Safe City O\u00dc (registrikood 11371946) kogub, kasutab ja kaitseb sinu isikuandmeid vastavalt kehtivatele andmekaitse seadustele.<\/p>\n<p><strong>1. Andmesubjekt ja andmete t\u00f6\u00f6tleja<\/strong><\/p>\n<p>Andmete vastutav t\u00f6\u00f6tleja on Safe City O\u00dc.<br \/>Aadress: Tornim\u00e4e tn 7-107, Kesklinna linnaosa, 10145 Tallinn, Harju maakond<br \/>E-post: info@safecity.ee<br \/>Telefon: +372 5303 7588<\/p>\n<p><strong>2. Kogutavad andmed<\/strong><\/p>\n<p>Veebilehe kasutamise ja teenuste osutamise k\u00e4igus v\u00f5ime koguda j\u00e4rgmisi andmeid:<br \/>\u2022 Isikuandmed (nimi, e-posti aadress, telefoninumber)<br \/>\u2022 Tehnilised andmed (IP-aadress, brauseri t\u00fc\u00fcp, k\u00fclastusaeg)<br \/>\u2022 Muud andmed, mida kasutaja vabatahtlikult esitab (nt kontaktivormid, p\u00e4ringud)<\/p>\n<p><strong>3. Andmete kasutamise eesm\u00e4rk<\/strong><\/p>\n<p>Kogutud andmeid kasutame j\u00e4rgmiste eesm\u00e4rkide jaoks:<br \/>\u2022 Teenuste osutamine ja haldamine<br \/>\u2022 Klienditoe pakkumine<br \/>\u2022 Teavitused ja olulised uuendused<br \/>\u2022 Turvalisuse ja kasutuskogemuse parandamine<br \/>\u2022 \u00d5iguslike kohustuste t\u00e4itmine<\/p>\n<p><strong>4. Andmete jagamine<\/strong><\/p>\n<p>Me ei m\u00fc\u00fc ega rendi sinu isikuandmeid kolmandatele isikutele. Andmeid v\u00f5idakse jagada ainult usaldusv\u00e4\u00e4rsete partneritega, kes aitavad meil teenuseid pakkuda, ning ainult vastavalt andmet\u00f6\u00f6tluslepingutele ja seadustele.<\/p>\n<p><strong>5. Andmete s\u00e4ilitamine<\/strong><\/p>\n<p>Isikuandmeid s\u00e4ilitame ainult nii kaua, kui see on vajalik nende eesm\u00e4rkide t\u00e4itmiseks v\u00f5i seadusest tulenevate n\u00f5uete t\u00e4itmiseks.<\/p>\n<p><strong>6. Kasutaja \u00f5igused<\/strong><\/p>\n<p>Sul on \u00f5igus:<br \/>\u2022 Taotleda oma isikuandmete kohta teavet<br \/>\u2022 Paluda parandada v\u00f5i kustutada ebat\u00e4psed andmed<br \/>\u2022 Piirata v\u00f5i keelata andmete t\u00f6\u00f6tlemist<br \/>\u2022 Esitada kaebus j\u00e4relevalveasutusele<\/p>\n<p><strong>7. K\u00fcpsised (Cookies)<\/strong><\/p>\n<p>Veebileht kasutab k\u00fcpsiseid, et parandada kasutajakogemust ja anal\u00fc\u00fcsida liiklust. K\u00fcpsiste kasutamise tingimused on kirjeldatud meie k\u00fcpsiste poliitikas.<\/p>\n<p><strong>8. Turvalisus<\/strong><\/p>\n<p>Rakendame sobivaid tehnilisi ja organisatsioonilisi meetmeid, et kaitsta sinu andmeid volitamata juurdep\u00e4\u00e4su, muutmise v\u00f5i h\u00e4vitamise eest.<\/p>\n<p><strong>9. Kontakt<\/strong><\/p>\n<p>Kui sul on k\u00fcsimusi v\u00f5i soovid oma \u00f5igusi kasutada, palun v\u00f5ta meiega \u00fchendust:<br \/>E-post: info@safecity.ee<br \/>Telefon: +372 5303 7588<\/p>\n\t\t\t\t\t\t\t\t<\/div>\n\t\t\t\t<\/div>\n\t\t\t\t\t<\/div>\n\t\t<\/div>\n\t\t\t\t\t<\/div>\n\t\t<\/section>\n\t\t\t\t<section class=\"elementor-section elementor-top-section elementor-element elementor-element-290c899 elementor-section-full_width elementor-section-height-default elementor-section-height-default\" data-id=\"290c899\" data-element_type=\"section\" data-e-type=\"section\">\n\t\t\t\t\t\t<div class=\"elementor-container elementor-column-gap-no\">\n\t\t\t\t\t<div class=\"elementor-column elementor-col-100 elementor-top-column elementor-element elementor-element-e0b01ec\" data-id=\"e0b01ec\" data-element_type=\"column\" data-e-type=\"column\">\n\t\t\t<div class=\"elementor-widget-wrap elementor-element-populated\">\n\t\t\t\t\t\t<div class=\"elementor-element elementor-element-eb290f3 elementor-widget elementor-widget-template\" data-id=\"eb290f3\" data-element_type=\"widget\" data-e-type=\"widget\" data-widget_type=\"template.default\">\n\t\t\t\t<div class=\"elementor-widget-container\">\n\t\t\t\t\t\t\t<div class=\"elementor-template\">\n\t\t\t\t\t<div data-elementor-type=\"section\" data-elementor-id=\"105271\" class=\"elementor elementor-105271 elementor-103069 elementor-103069\" data-elementor-post-type=\"elementor_library\">\n\t\t\t\t\t<section class=\"elementor-section elementor-top-section elementor-element elementor-element-4d3cec7f elementor-section-boxed elementor-section-height-default elementor-section-height-default\" data-id=\"4d3cec7f\" data-element_type=\"section\" data-e-type=\"section\" id=\"inquery\" data-settings=\"{&quot;background_background&quot;:&quot;classic&quot;}\">\n\t\t\t\t\t\t<div class=\"elementor-container elementor-column-gap-no\">\n\t\t\t\t\t<div class=\"elementor-column elementor-col-50 elementor-top-column elementor-element elementor-element-204fe09\" data-id=\"204fe09\" data-element_type=\"column\" data-e-type=\"column\">\n\t\t\t<div class=\"elementor-widget-wrap elementor-element-populated\">\n\t\t\t\t\t\t<div class=\"elementor-element elementor-element-462f36b elementor-widget elementor-widget-heading\" data-id=\"462f36b\" data-element_type=\"widget\" data-e-type=\"widget\" data-widget_type=\"heading.default\">\n\t\t\t\t<div class=\"elementor-widget-container\">\n\t\t\t\t\t<h2 class=\"elementor-heading-title elementor-size-default\">Oleme siin, et aidata<\/h2>\t\t\t\t<\/div>\n\t\t\t\t<\/div>\n\t\t\t\t<div class=\"elementor-element elementor-element-1c8d144 elementor-widget__width-initial elementor-widget elementor-widget-text-editor\" data-id=\"1c8d144\" data-element_type=\"widget\" data-e-type=\"widget\" data-widget_type=\"text-editor.default\">\n\t\t\t\t<div class=\"elementor-widget-container\">\n\t\t\t\t\t\t\t\t\t<p>E-post: \u00a0<strong><a href=\"mailto:info@safecity.ee\">info@safecity.ee<\/a><br \/><\/strong>Telefon: <a href=\"tel:+372 5303 7588\"><strong>+372 5303 7588<\/strong><\/a><\/p>\n<p>Kasutate Messengerit? Kl\u00f5psake vestluse alustamiseks:<\/p>\n\t\t\t\t\t\t\t\t<\/div>\n\t\t\t\t<\/div>\n\t\t\t\t<div class=\"elementor-element elementor-element-555fb57 e-grid-align-left elementor-shape-rounded elementor-grid-0 elementor-widget elementor-widget-social-icons\" data-id=\"555fb57\" data-element_type=\"widget\" data-e-type=\"widget\" data-widget_type=\"social-icons.default\">\n\t\t\t\t<div class=\"elementor-widget-container\">\n\t\t\t\t\t\t\t<div class=\"elementor-social-icons-wrapper elementor-grid\" role=\"list\">\n\t\t\t\t\t\t\t<span class=\"elementor-grid-item\" role=\"listitem\">\n\t\t\t\t\t<a class=\"elementor-icon elementor-social-icon elementor-social-icon-viber elementor-repeater-item-6536478\" href=\"viber:\/\/chat?number=+37253037588\" target=\"_blank\">\n\t\t\t\t\t\t<span class=\"elementor-screen-only\">Viber<\/span>\n\t\t\t\t\t\t<i aria-hidden=\"true\" class=\"fab fa-viber\"><\/i>\t\t\t\t\t<\/a>\n\t\t\t\t<\/span>\n\t\t\t\t\t\t\t<span class=\"elementor-grid-item\" role=\"listitem\">\n\t\t\t\t\t<a class=\"elementor-icon elementor-social-icon elementor-social-icon-whatsapp elementor-repeater-item-47b3179\" href=\"https:\/\/wa.me\/37253037588\" target=\"_blank\">\n\t\t\t\t\t\t<span class=\"elementor-screen-only\">Whatsapp<\/span>\n\t\t\t\t\t\t<i aria-hidden=\"true\" class=\"fab fa-whatsapp\"><\/i>\t\t\t\t\t<\/a>\n\t\t\t\t<\/span>\n\t\t\t\t\t\t\t<span class=\"elementor-grid-item\" role=\"listitem\">\n\t\t\t\t\t<a class=\"elementor-icon elementor-social-icon elementor-social-icon-telegram-plane elementor-repeater-item-2d1891a\" href=\"https:\/\/t.me\/+37253037588\" target=\"_blank\">\n\t\t\t\t\t\t<span class=\"elementor-screen-only\">Telegram-plane<\/span>\n\t\t\t\t\t\t<i aria-hidden=\"true\" class=\"fab fa-telegram-plane\"><\/i>\t\t\t\t\t<\/a>\n\t\t\t\t<\/span>\n\t\t\t\t\t<\/div>\n\t\t\t\t\t\t<\/div>\n\t\t\t\t<\/div>\n\t\t\t\t<div data-dce-title-color=\"#02232373\" class=\"elementor-element elementor-element-78797ee elementor-widget elementor-widget-heading\" data-id=\"78797ee\" data-element_type=\"widget\" data-e-type=\"widget\" data-widget_type=\"heading.default\">\n\t\t\t\t<div class=\"elementor-widget-container\">\n\t\t\t\t\t<div class=\"elementor-heading-title elementor-size-default\">Palun arvestage, et me t\u00f6\u00f6tleme p\u00e4ringuid ja avaldusi ning vastame neile t\u00f6\u00f6p\u00e4evadel (E\u2013R) kell 9:00\u201317:00.<\/div>\t\t\t\t<\/div>\n\t\t\t\t<\/div>\n\t\t\t\t\t<\/div>\n\t\t<\/div>\n\t\t\t\t<div class=\"elementor-column elementor-col-50 elementor-top-column elementor-element elementor-element-2bb2c268\" data-id=\"2bb2c268\" data-element_type=\"column\" data-e-type=\"column\">\n\t\t\t<div class=\"elementor-widget-wrap elementor-element-populated\">\n\t\t\t\t\t\t<div class=\"elementor-element elementor-element-1d646df8 elementor-button-align-stretch elementor-widget elementor-widget-form\" data-id=\"1d646df8\" data-element_type=\"widget\" data-e-type=\"widget\" data-settings=\"{&quot;step_next_label&quot;:&quot;J\\u00e4rgmine&quot;,&quot;step_previous_label&quot;:&quot;Eelmine&quot;,&quot;button_width&quot;:&quot;100&quot;,&quot;dce_confirm_dialog_enabled&quot;:&quot;no&quot;,&quot;step_type&quot;:&quot;number_text&quot;,&quot;step_icon_shape&quot;:&quot;circle&quot;,&quot;label_icon_size&quot;:{&quot;unit&quot;:&quot;px&quot;,&quot;size&quot;:&quot;&quot;,&quot;sizes&quot;:[]},&quot;field_icon_size&quot;:{&quot;unit&quot;:&quot;px&quot;,&quot;size&quot;:&quot;&quot;,&quot;sizes&quot;:[]}}\" data-widget_type=\"form.default\">\n\t\t\t\t<div class=\"elementor-widget-container\">\n\t\t\t\t\t\t\t<form class=\"elementor-form\" method=\"post\" name=\"Uus vorm\" aria-label=\"Uus vorm\">\n\t\t\t<input type=\"hidden\" name=\"post_id\" value=\"105271\"\/>\n\t\t\t<input type=\"hidden\" name=\"form_id\" value=\"1d646df8\"\/>\n\t\t\t<input type=\"hidden\" name=\"referer_title\" value=\"\" \/>\n\n\t\t\t\n\t\t\t<div class=\"elementor-form-fields-wrapper elementor-labels-above\">\n\t\t\t\t\t\t\t\t<div class=\"elementor-field-type-text elementor-field-group elementor-column elementor-field-group-name elementor-col-100\">\n\t\t\t\t\t\t\t\t\t\t\t\t<label for=\"form-field-name\" class=\"elementor-field-label\">\n\t\t\t\t\t\t\t\tT\u00e4isnimi\t\t\t\t\t\t\t<\/label>\n\t\t\t\t\t\t\t\t\t\t\t\t\t\t<input size=\"1\" type=\"text\" name=\"form_fields[name]\" id=\"form-field-name\" class=\"elementor-field elementor-size-md  elementor-field-textual\">\n\t\t\t\t\t\t\t\t\t\t\t<\/div>\n\t\t\t\t\t\t\t\t<div class=\"elementor-field-type-email elementor-field-group elementor-column elementor-field-group-email elementor-col-50 elementor-field-required elementor-mark-required\">\n\t\t\t\t\t\t\t\t\t\t\t\t<label for=\"form-field-email\" class=\"elementor-field-label\">\n\t\t\t\t\t\t\t\tE-post\t\t\t\t\t\t\t<\/label>\n\t\t\t\t\t\t\t\t\t\t\t\t\t\t<input size=\"1\" type=\"email\" name=\"form_fields[email]\" id=\"form-field-email\" class=\"elementor-field elementor-size-md  elementor-field-textual\" required=\"required\">\n\t\t\t\t\t\t\t\t\t\t\t<\/div>\n\t\t\t\t\t\t\t\t<div class=\"elementor-field-type-tel elementor-field-group elementor-column elementor-field-group-phone elementor-col-50 elementor-field-required elementor-mark-required\">\n\t\t\t\t\t\t\t\t\t\t\t\t<label for=\"form-field-phone\" class=\"elementor-field-label\">\n\t\t\t\t\t\t\t\tTelefon\t\t\t\t\t\t\t<\/label>\n\t\t\t\t\t\t\t\t<input size=\"1\" type=\"tel\" name=\"form_fields[phone]\" id=\"form-field-phone\" class=\"elementor-field elementor-size-md  elementor-field-textual\" placeholder=\"+372\" required=\"required\" pattern=\"[0-9()#&amp;+*-=.]+\" title=\"Only numbers and phone characters (#, -, *, etc) are accepted.\">\n\n\t\t\t\t\t\t<\/div>\n\t\t\t\t\t\t\t\t<div class=\"elementor-field-type-textarea elementor-field-group elementor-column elementor-field-group-message elementor-col-100\">\n\t\t\t\t\t\t\t\t\t\t\t\t<label for=\"form-field-message\" class=\"elementor-field-label\">\n\t\t\t\t\t\t\t\tS\u00f5num\t\t\t\t\t\t\t<\/label>\n\t\t\t\t\t\t<textarea class=\"elementor-field-textual elementor-field  elementor-size-md\" name=\"form_fields[message]\" id=\"form-field-message\" rows=\"3\"><\/textarea>\t\t\t\t<\/div>\n\t\t\t\t\t\t\t\t<div class=\"elementor-field-type-html elementor-field-group elementor-column elementor-field-group-field_bd04622 elementor-col-100\">\n\t\t\t\t\tLaadige \u00fcles oma CV ja muud dokumendid\t\t\t\t<\/div>\n\t\t\t\t\t\t\t\t<div class=\"elementor-field-type-upload elementor-field-group elementor-column elementor-field-group-files elementor-col-100\">\n\t\t\t\t\t<input type=\"file\" name=\"form_fields[files][]\" id=\"form-field-files\" class=\"elementor-field elementor-size-md  file-input elementor-upload-field\" multiple=\"multiple\" data-maxsize=\"10\" data-maxsize-message=\"This file exceeds the maximum allowed size.\"><label for=\"form-field-files\">Upload files&nbsp;&nbsp;<i class=\"fas fa-arrow-up\"><\/i><\/label>\t\t\t\t<\/div>\n\t\t\t\t\t\t\t\t<div class=\"elementor-field-type-html elementor-field-group elementor-column elementor-field-group-field_052b6ae elementor-col-100\">\n\t\t\t\t\t<small><span style=\" color: #022323 !important;\">Toetatud vormingud: .pdf, .doc\/docx, .rtf, .xls\/xlsx, .txt (kuni 10 faili, iga\u00fcks kuni 10 MB)<\/span><\/small>\t\t\t\t<\/div>\n\t\t\t\t\t\t\t\t<div class=\"elementor-field-type-html elementor-field-group elementor-column elementor-field-group-field_e218ef5 elementor-col-100\">\n\t\t\t\t\t<div id=\"uploaded-files-list\"><\/div>\r\n\t\t\t\t<\/div>\n\t\t\t\t\t\t\t\t<div class=\"elementor-field-type-acceptance elementor-field-group elementor-column elementor-field-group-field_e842187 elementor-col-100 elementor-field-required elementor-mark-required\">\n\t\t\t\t\t\t\t<div class=\"elementor-field-subgroup\">\n\t\t\t<span class=\"elementor-field-option\">\n\t\t\t\t<input type=\"checkbox\" name=\"form_fields[field_e842187]\" id=\"form-field-field_e842187\" class=\"elementor-field elementor-size-md  elementor-acceptance-field\" required=\"required\" checked=\"checked\">\n\t\t\t\t<label for=\"form-field-field_e842187\">Annan n\u00f5usoleku oma andmete t\u00f6\u00f6tlemiseks selle avalduse raames.<\/label>\t\t\t<\/span>\n\t\t<\/div>\n\t\t\t\t\t\t<\/div>\n\t\t\t\t\t\t\t\t<div class=\"elementor-field-group elementor-column elementor-field-type-submit elementor-col-100 e-form__buttons\">\n\t\t\t\t\t<button class=\"elementor-button elementor-size-sm\" type=\"submit\">\n\t\t\t\t\t\t<span class=\"elementor-button-content-wrapper\">\n\t\t\t\t\t\t\t\t\t\t\t\t\t\t\t\t\t\t\t\t\t\t<span class=\"elementor-button-text\">Saada p\u00e4ring<\/span>\n\t\t\t\t\t\t\t\t\t\t\t\t\t<\/span>\n\t\t\t\t\t<\/button>\n\t\t\t\t<\/div>\n\t\t\t<\/div>\n\t\t<\/form>\n\t\t\t\t\t\t<\/div>\n\t\t\t\t<\/div>\n\t\t\t\t\t<\/div>\n\t\t<\/div>\n\t\t\t\t\t<\/div>\n\t\t<\/section>\n\t\t\t\t<\/div>\n\t\t\t\t<\/div>\n\t\t\t\t\t\t<\/div>\n\t\t\t\t<\/div>\n\t\t\t\t\t<\/div>\n\t\t<\/div>\n\t\t\t\t\t<\/div>\n\t\t<\/section>\n\t\t\t\t<\/div>\n\t\t","protected":false},"excerpt":{"rendered":"<p>Privaatsuspoliitika Viimane uuendus: 18.01.2026 Tere tulemast veebilehele www.safecity.ee (edaspidi \u201cVeebileht\u201d). Meie privaatsuspoliitika kirjeldab, kuidas Safe City O\u00dc (registrikood 11371946) kogub, kasutab ja kaitseb sinu isikuandmeid vastavalt kehtivatele andmekaitse seadustele. 1. Andmesubjekt ja andmete t\u00f6\u00f6tleja Andmete vastutav t\u00f6\u00f6tleja on Safe City O\u00dc.Aadress: Tornim\u00e4e tn 7-107, Kesklinna linnaosa, 10145 Tallinn, Harju maakondE-post: info@safecity.eeTelefon: +372 5303 7588 2. [&hellip;]<\/p>\n","protected":false},"author":2,"featured_media":0,"parent":0,"menu_order":0,"comment_status":"closed","ping_status":"closed","template":"","meta":{"_acf_changed":false,"inline_featured_image":false,"footnotes":""},"class_list":["post-105335","page","type-page","status-publish","hentry"],"acf":[],"_links":{"self":[{"href":"https:\/\/safecity.ee\/et\/wp-json\/wp\/v2\/pages\/105335","targetHints":{"allow":["GET"]}}],"collection":[{"href":"https:\/\/safecity.ee\/et\/wp-json\/wp\/v2\/pages"}],"about":[{"href":"https:\/\/safecity.ee\/et\/wp-json\/wp\/v2\/types\/page"}],"author":[{"embeddable":true,"href":"https:\/\/safecity.ee\/et\/wp-json\/wp\/v2\/users\/2"}],"replies":[{"embeddable":true,"href":"https:\/\/safecity.ee\/et\/wp-json\/wp\/v2\/comments?post=105335"}],"version-history":[{"count":2,"href":"https:\/\/safecity.ee\/et\/wp-json\/wp\/v2\/pages\/105335\/revisions"}],"predecessor-version":[{"id":105639,"href":"https:\/\/safecity.ee\/et\/wp-json\/wp\/v2\/pages\/105335\/revisions\/105639"}],"wp:attachment":[{"href":"https:\/\/safecity.ee\/et\/wp-json\/wp\/v2\/media?parent=105335"}],"curies":[{"name":"wp","href":"https:\/\/api.w.org\/{rel}","templated":true}]}}